{"id":24,"date":"2025-03-05T06:57:38","date_gmt":"2025-03-05T05:57:38","guid":{"rendered":"https:\/\/bhp.emiroszkolenia.pl\/index.php\/konto-uzytkownika\/"},"modified":"2026-04-18T07:29:53","modified_gmt":"2026-04-18T05:29:53","slug":"konto-uzytkownika","status":"publish","type":"page","link":"https:\/\/bhp.emiroszkolenia.pl\/index.php\/konto-uzytkownika\/","title":{"rendered":""},"content":{"rendered":"\n    <style>\n        * {\n            margin: 0;\n            padding: 0;\n            box-sizing: border-box;\n        }\n\n        body {\n            font-family: Arial, sans-serif;\n        }\n\n        .slider {\n            position: relative;\n            width: 100%;\n            max-width: 700px;\n            margin: 0 auto;\n            overflow: hidden;\n        }\n\n        .slider-images {\n            display: flex;\n            transition: transform 0.5s ease-in-out;\n        }\n\n        .slider-images img {\n            width: 100%;\n            height: auto;\n        }\n\n        .dots {\n            position: absolute;\n            bottom: 10px;\n            left: 50%;\n            transform: translateX(-50%);\n            display: flex;\n        }\n\n        .dot {\n            height: 10px;\n            width: 10px;\n            margin: 0 5px;\n            background-color: #bbb;\n            border-radius: 50%;\n            transition: background-color 0.3s;\n            cursor: pointer;\n        }\n\n        .dot.active {\n            background-color: #717171;\n        }\n\n    <\/style>\n<\/head>\n<body>\n\n<div class=\"slider\">\n    <div class=\"slider-images\">\n        <img decoding=\"async\" src=\"https:\/\/bhp.emiroszkolenia.pl\/wp-content\/uploads\/2025\/03\/banery\/baner1.png\" alt=\"Image 1\">\n        <img decoding=\"async\" src=\"https:\/\/bhp.emiroszkolenia.pl\/wp-content\/uploads\/2025\/03\/banery\/baner2.png\" alt=\"Image 2\">\n        <img decoding=\"async\" src=\"https:\/\/bhp.emiroszkolenia.pl\/wp-content\/uploads\/2025\/03\/banery\/baner3.png\" alt=\"Image 3\">\n        <img decoding=\"async\" src=\"https:\/\/bhp.emiroszkolenia.pl\/wp-content\/uploads\/2025\/03\/banery\/baner4.png\" alt=\"Image 1\">\n        <img decoding=\"async\" src=\"https:\/\/bhp.emiroszkolenia.pl\/wp-content\/uploads\/2025\/03\/banery\/baner5.png\" alt=\"Image 2\">\n        <img decoding=\"async\" src=\"https:\/\/bhp.emiroszkolenia.pl\/wp-content\/uploads\/2025\/03\/banery\/baner6.png\" alt=\"Image 3\">\n        <img decoding=\"async\" src=\"https:\/\/bhp.emiroszkolenia.pl\/wp-content\/uploads\/2025\/03\/banery\/baner7.png\" alt=\"Image 1\">\n        <img decoding=\"async\" src=\"https:\/\/bhp.emiroszkolenia.pl\/wp-content\/uploads\/2025\/03\/banery\/baner8.png\" alt=\"Image 2\">\n        <img decoding=\"async\" src=\"https:\/\/bhp.emiroszkolenia.pl\/wp-content\/uploads\/2025\/03\/banery\/baner9.png\" alt=\"Image 3\">\n<img decoding=\"async\" src=\"https:\/\/bhp.emiroszkolenia.pl\/wp-content\/uploads\/2025\/03\/banery\/baner10.png\" alt=\"Image 3\">\n    <\/div>\n\n    <div class=\"dots\">\n        <span class=\"dot\"><\/span>\n        <span class=\"dot\"><\/span>\n        <span class=\"dot\"><\/span>\n    <\/div>\n<\/div>\n\n<script>\n    let currentSlide = 0;\n    const images = document.querySelectorAll('.slider-images img');\n    const dots = document.querySelectorAll('.dot');\n\n    function showSlide(index) {\n        if (index >= images.length) currentSlide = 0;\n        if (index < 0) currentSlide = images.length - 1;\n        document.querySelector('.slider-images').style.transform = `translateX(-${currentSlide * 100}%)`;\n        dots.forEach(dot => dot.classList.remove('active'));\n        dots[currentSlide].classList.add('active');\n    }\n\n    function nextSlide() {\n        currentSlide++;\n        showSlide(currentSlide);\n    }\n\n    \/\/ Automatyczne prze\u0142\u0105czanie slajd\u00f3w co 3 sekundy\n    setInterval(nextSlide, 3000);\n\n    \/\/ Inicjalizacja pierwszego slajdu\n    showSlide(currentSlide);\n<\/script>\n\n<\/body>\n<\/html>\n\n","protected":false},"excerpt":{"rendered":"","protected":false},"author":1,"featured_media":0,"parent":0,"menu_order":0,"comment_status":"closed","ping_status":"closed","template":"","meta":{"_themeisle_gutenberg_block_has_review":false,"footnotes":""},"class_list":["post-24","page","type-page","status-publish","hentry"],"_links":{"self":[{"href":"https:\/\/bhp.emiroszkolenia.pl\/index.php\/wp-json\/wp\/v2\/pages\/24","targetHints":{"allow":["GET"]}}],"collection":[{"href":"https:\/\/bhp.emiroszkolenia.pl\/index.php\/wp-json\/wp\/v2\/pages"}],"about":[{"href":"https:\/\/bhp.emiroszkolenia.pl\/index.php\/wp-json\/wp\/v2\/types\/page"}],"author":[{"embeddable":true,"href":"https:\/\/bhp.emiroszkolenia.pl\/index.php\/wp-json\/wp\/v2\/users\/1"}],"replies":[{"embeddable":true,"href":"https:\/\/bhp.emiroszkolenia.pl\/index.php\/wp-json\/wp\/v2\/comments?post=24"}],"version-history":[{"count":36,"href":"https:\/\/bhp.emiroszkolenia.pl\/index.php\/wp-json\/wp\/v2\/pages\/24\/revisions"}],"predecessor-version":[{"id":743,"href":"https:\/\/bhp.emiroszkolenia.pl\/index.php\/wp-json\/wp\/v2\/pages\/24\/revisions\/743"}],"wp:attachment":[{"href":"https:\/\/bhp.emiroszkolenia.pl\/index.php\/wp-json\/wp\/v2\/media?parent=24"}],"curies":[{"name":"wp","href":"https:\/\/api.w.org\/{rel}","templated":true}]}}